{"id":3166,"date":"2025-05-27T19:14:37","date_gmt":"2025-05-27T19:14:37","guid":{"rendered":"https:\/\/crossfitopenbox.schuuuu.pt\/?page_id=3166"},"modified":"2025-05-27T19:20:26","modified_gmt":"2025-05-27T19:20:26","slug":"politica-privacidade","status":"publish","type":"page","link":"https:\/\/crossfitopenbox.schuuuu.pt\/index.php\/politica-privacidade\/","title":{"rendered":"Pol\u00edtica de Privacidade"},"content":{"rendered":"\t\t<div data-elementor-type=\"wp-page\" data-elementor-id=\"3166\" class=\"elementor elementor-3166\">\n\t\t\t\t\t\t<section class=\"elementor-section elementor-top-section elementor-element elementor-element-7378c48 elementor-section-boxed elementor-section-height-default elementor-section-height-default qodef-elementor-content-no\" data-id=\"7378c48\" data-element_type=\"section\" data-settings=\"{&quot;background_background&quot;:&quot;classic&quot;}\">\n\t\t\t\t\t\t<div class=\"elementor-container elementor-column-gap-default\">\n\t\t\t\t\t<div class=\"elementor-column elementor-col-100 elementor-top-column elementor-element elementor-element-ac36810\" data-id=\"ac36810\" data-element_type=\"column\">\n\t\t\t<div class=\"elementor-widget-wrap\">\n\t\t\t\t\t\t\t<\/div>\n\t\t<\/div>\n\t\t\t\t\t<\/div>\n\t\t<\/section>\n\t\t\t\t<section class=\"elementor-section elementor-top-section elementor-element elementor-element-d78bfa6 elementor-section-boxed elementor-section-height-default elementor-section-height-default qodef-elementor-content-no\" data-id=\"d78bfa6\" data-element_type=\"section\" id=\"quemsomos\" data-settings=\"{&quot;background_background&quot;:&quot;classic&quot;}\">\n\t\t\t\t\t\t<div class=\"elementor-container elementor-column-gap-default\">\n\t\t\t\t\t<div class=\"elementor-column elementor-col-100 elementor-top-column elementor-element elementor-element-a8847ca\" data-id=\"a8847ca\" data-element_type=\"column\" data-settings=\"{&quot;background_background&quot;:&quot;classic&quot;}\">\n\t\t\t<div class=\"elementor-widget-wrap elementor-element-populated\">\n\t\t\t\t\t\t<div class=\"elementor-element elementor-element-6651d83 elementor-widget elementor-widget-heading\" data-id=\"6651d83\" data-element_type=\"widget\" data-widget_type=\"heading.default\">\n\t\t\t\t<div class=\"elementor-widget-container\">\n\t\t\t\t\t<h1 class=\"elementor-heading-title elementor-size-default\">POL\u00cdTICA DE PRIVACIDADE<\/h1>\t\t\t\t<\/div>\n\t\t\t\t<\/div>\n\t\t\t\t<div class=\"elementor-element elementor-element-f5b5c11 elementor-widget elementor-widget-heading\" data-id=\"f5b5c11\" data-element_type=\"widget\" data-widget_type=\"heading.default\">\n\t\t\t\t<div class=\"elementor-widget-container\">\n\t\t\t\t\t<h1 class=\"elementor-heading-title elementor-size-default\">CROSSFIT OPENBOX<\/h1>\t\t\t\t<\/div>\n\t\t\t\t<\/div>\n\t\t\t\t<div class=\"elementor-element elementor-element-523bd93 elementor-widget elementor-widget-text-editor\" data-id=\"523bd93\" data-element_type=\"widget\" data-widget_type=\"text-editor.default\">\n\t\t\t\t<div class=\"elementor-widget-container\">\n\t\t\t\t\t\t\t\t\t<p>Na CrossFit OpenBox, o respeito pela sua privacidade \u00e9 fundamental. Comprometemo-nos a proteger os seus dados pessoais e a utiliz\u00e1-los exclusivamente para melhorar a presta\u00e7\u00e3o dos nossos servi\u00e7os e personalizar a sua experi\u00eancia connosco.<br \/><br \/>1. Recolha de informa\u00e7\u00f5es<br \/><br \/>Recolhemos dados pessoais que nos fornece voluntariamente, como nome, email, telefone e outros contactos necess\u00e1rios para gerir as suas marca\u00e7\u00f5es, comunica\u00e7\u00e3o e relacionamento com a box.<br \/><br \/>Durante a sua navega\u00e7\u00e3o no nosso site, recolhemos tamb\u00e9m informa\u00e7\u00f5es t\u00e9cnicas autom\u00e1ticas, como o endere\u00e7o IP, data da visita e tipo de navegador, para melhorar a seguran\u00e7a, o funcionamento e a usabilidade do site.<br \/><br \/>2. Utiliza\u00e7\u00e3o dos dados<br \/><br \/>Os seus dados s\u00e3o usados exclusivamente pela CrossFit OpenBox para:<br \/>\u2022 Gerir inscri\u00e7\u00f5es, marca\u00e7\u00f5es e comunica\u00e7\u00f5es relacionadas com os nossos servi\u00e7os;<br \/>\u2022 Enviar informa\u00e7\u00f5es, novidades e promo\u00e7\u00f5es, apenas com o seu consentimento;<br \/>\u2022 Analisar e melhorar a experi\u00eancia dos nossos clientes e o funcionamento do site.<br \/><br \/>Garantimos que n\u00e3o vendemos, alugamos nem partilhamos os seus dados com terceiros.<br \/><br \/>3. Comunica\u00e7\u00f5es e marketing<br \/><br \/>Se optar por receber comunica\u00e7\u00f5es nossas, poder\u00e1, a qualquer momento, cancelar a subscri\u00e7\u00e3o, atrav\u00e9s de um link nas mensagens ou contactando-nos diretamente.<br \/><br \/>4. Cookies<br \/><br \/>Utilizamos cookies para facilitar a navega\u00e7\u00e3o e tornar a sua experi\u00eancia mais eficiente e segura. Os cookies n\u00e3o recolhem informa\u00e7\u00f5es pessoais sens\u00edveis.<br \/><br \/>Pode gerir ou recusar cookies nas defini\u00e7\u00f5es do seu navegador, mas alertamos que algumas funcionalidades do site poder\u00e3o ficar limitadas.<br \/><br \/>5. Seguran\u00e7a dos dados<br \/><br \/>Os seus dados s\u00e3o armazenados em sistemas seguros, com acesso restrito, para evitar qualquer acesso n\u00e3o autorizado.<br \/><br \/>6. Altera\u00e7\u00f5es \u00e0 pol\u00edtica<br \/><br \/>Esta pol\u00edtica pode ser atualizada sempre que necess\u00e1rio. Qualquer altera\u00e7\u00e3o ser\u00e1 publicada neste espa\u00e7o.<br \/><br \/>7. Contacto<br \/><br \/>Para d\u00favidas, sugest\u00f5es ou para exercer os seus direitos sobre os dados pessoais, contacte-nos atrav\u00e9s do email: <a href=\"mailto:crossfitopenbox@gmail.com\" target=\"_blank\" rel=\"nofollow noopener\">crossfitopenbox@gmail.com<\/a><\/p>\t\t\t\t\t\t\t\t<\/div>\n\t\t\t\t<\/div>\n\t\t\t\t\t<\/div>\n\t\t<\/div>\n\t\t\t\t\t<\/div>\n\t\t<\/section>\n\t\t\t\t<\/div>\n\t\t","protected":false},"excerpt":{"rendered":"<p>POL\u00cdTICA DE PRIVACIDADE CROSSFIT OPENBOX Na CrossFit OpenBox, o respeito pela sua privacidade \u00e9 fundamental. Comprometemo-nos a proteger os seus dados pessoais e a utiliz\u00e1-los exclusivamente para melhorar a presta\u00e7\u00e3o dos nossos servi\u00e7os e personalizar a sua experi\u00eancia connosco. 1. Recolha de informa\u00e7\u00f5es Recolhemos dados pessoais que nos fornece voluntariamente, como nome, email, telefone e [&hellip;]<\/p>\n","protected":false},"author":1,"featured_media":0,"parent":0,"menu_order":0,"comment_status":"closed","ping_status":"closed","template":"qi-full-width.php","meta":{"om_disable_all_campaigns":false,"_monsterinsights_skip_tracking":false,"_monsterinsights_sitenote_active":false,"_monsterinsights_sitenote_note":"","_monsterinsights_sitenote_category":0,"footnotes":""},"class_list":["post-3166","page","type-page","status-publish","hentry"],"aioseo_notices":[],"_links":{"self":[{"href":"https:\/\/crossfitopenbox.schuuuu.pt\/index.php\/wp-json\/wp\/v2\/pages\/3166","targetHints":{"allow":["GET"]}}],"collection":[{"href":"https:\/\/crossfitopenbox.schuuuu.pt\/index.php\/wp-json\/wp\/v2\/pages"}],"about":[{"href":"https:\/\/crossfitopenbox.schuuuu.pt\/index.php\/wp-json\/wp\/v2\/types\/page"}],"author":[{"embeddable":true,"href":"https:\/\/crossfitopenbox.schuuuu.pt\/index.php\/wp-json\/wp\/v2\/users\/1"}],"replies":[{"embeddable":true,"href":"https:\/\/crossfitopenbox.schuuuu.pt\/index.php\/wp-json\/wp\/v2\/comments?post=3166"}],"version-history":[{"count":7,"href":"https:\/\/crossfitopenbox.schuuuu.pt\/index.php\/wp-json\/wp\/v2\/pages\/3166\/revisions"}],"predecessor-version":[{"id":3173,"href":"https:\/\/crossfitopenbox.schuuuu.pt\/index.php\/wp-json\/wp\/v2\/pages\/3166\/revisions\/3173"}],"wp:attachment":[{"href":"https:\/\/crossfitopenbox.schuuuu.pt\/index.php\/wp-json\/wp\/v2\/media?parent=3166"}],"curies":[{"name":"wp","href":"https:\/\/api.w.org\/{rel}","templated":true}]}}